{"id":7,"date":"2025-01-06T10:38:22","date_gmt":"2025-01-06T10:38:22","guid":{"rendered":"http:\/\/lamesscafe.monitepol.com\/?page_id=7"},"modified":"2025-03-12T11:29:21","modified_gmt":"2025-03-12T11:29:21","slug":"bizi-degerlendirin","status":"publish","type":"page","link":"https:\/\/lamesscafe.monitepol.com\/index.php\/bizi-degerlendirin\/","title":{"rendered":"Bizi De\u011ferlendirin"},"content":{"rendered":"\t\t<div data-elementor-type=\"wp-post\" data-elementor-id=\"7\" class=\"elementor elementor-7\">\n\t\t\t\t<div class=\"elementor-element elementor-element-9c19973 elementor-hidden-desktop elementor-hidden-tablet elementor-hidden-mobile e-flex e-con-boxed e-con e-parent\" data-id=\"9c19973\" data-element_type=\"container\" data-e-type=\"container\" data-settings=\"{&quot;background_background&quot;:&quot;classic&quot;}\">\n\t\t\t\t\t<div class=\"e-con-inner\">\n\t\t<div class=\"elementor-element elementor-element-7e73abe e-con-full e-flex e-con e-child\" data-id=\"7e73abe\" data-element_type=\"container\" data-e-type=\"container\">\n\t\t\t\t<div class=\"elementor-element elementor-element-ad1042e elementor-view-default elementor-widget elementor-widget-icon\" data-id=\"ad1042e\" data-element_type=\"widget\" data-e-type=\"widget\" data-widget_type=\"icon.default\">\n\t\t\t\t<div class=\"elementor-widget-container\">\n\t\t\t\t\t\t\t<div class=\"elementor-icon-wrapper\">\n\t\t\t<a class=\"elementor-icon\" href=\"https:\/\/www.instagram.com\/lamesscafe\/\">\n\t\t\t<svg aria-hidden=\"true\" class=\"e-font-icon-svg e-fab-instagram\" viewBox=\"0 0 448 512\" xmlns=\"http:\/\/www.w3.org\/2000\/svg\"><path d=\"M224.1 141c-63.6 0-114.9 51.3-114.9 114.9s51.3 114.9 114.9 114.9S339 319.5 339 255.9 287.7 141 224.1 141zm0 189.6c-41.1 0-74.7-33.5-74.7-74.7s33.5-74.7 74.7-74.7 74.7 33.5 74.7 74.7-33.6 74.7-74.7 74.7zm146.4-194.3c0 14.9-12 26.8-26.8 26.8-14.9 0-26.8-12-26.8-26.8s12-26.8 26.8-26.8 26.8 12 26.8 26.8zm76.1 27.2c-1.7-35.9-9.9-67.7-36.2-93.9-26.2-26.2-58-34.4-93.9-36.2-37-2.1-147.9-2.1-184.9 0-35.8 1.7-67.6 9.9-93.9 36.1s-34.4 58-36.2 93.9c-2.1 37-2.1 147.9 0 184.9 1.7 35.9 9.9 67.7 36.2 93.9s58 34.4 93.9 36.2c37 2.1 147.9 2.1 184.9 0 35.9-1.7 67.7-9.9 93.9-36.2 26.2-26.2 34.4-58 36.2-93.9 2.1-37 2.1-147.8 0-184.8zM398.8 388c-7.8 19.6-22.9 34.7-42.6 42.6-29.5 11.7-99.5 9-132.1 9s-102.7 2.6-132.1-9c-19.6-7.8-34.7-22.9-42.6-42.6-11.7-29.5-9-99.5-9-132.1s-2.6-102.7 9-132.1c7.8-19.6 22.9-34.7 42.6-42.6 29.5-11.7 99.5-9 132.1-9s102.7-2.6 132.1 9c19.6 7.8 34.7 22.9 42.6 42.6 11.7 29.5 9 99.5 9 132.1s2.7 102.7-9 132.1z\"><\/path><\/svg>\t\t\t<\/a>\n\t\t<\/div>\n\t\t\t\t\t\t<\/div>\n\t\t\t\t<\/div>\n\t\t\t\t<div class=\"elementor-element elementor-element-e6d7605 elementor-widget elementor-widget-heading\" data-id=\"e6d7605\" data-element_type=\"widget\" data-e-type=\"widget\" data-widget_type=\"heading.default\">\n\t\t\t\t<div class=\"elementor-widget-container\">\n\t\t\t\t\t<h2 class=\"elementor-heading-title elementor-size-default\">Instagram<\/h2>\t\t\t\t<\/div>\n\t\t\t\t<\/div>\n\t\t\t\t<\/div>\n\t\t<div class=\"elementor-element elementor-element-9759ece e-con-full e-flex e-con e-child\" data-id=\"9759ece\" data-element_type=\"container\" data-e-type=\"container\">\n\t\t\t\t<div class=\"elementor-element elementor-element-933d81d elementor-widget elementor-widget-image\" data-id=\"933d81d\" data-element_type=\"widget\" data-e-type=\"widget\" data-widget_type=\"image.default\">\n\t\t\t\t<div class=\"elementor-widget-container\">\n\t\t\t\t\t\t\t\t\t\t\t\t\t\t\t<img fetchpriority=\"high\" decoding=\"async\" width=\"800\" height=\"800\" src=\"https:\/\/lamesscafe.monitepol.com\/wp-content\/uploads\/2025\/01\/logo.jpg\" class=\"attachment-large size-large wp-image-27\" alt=\"\" srcset=\"https:\/\/lamesscafe.monitepol.com\/wp-content\/uploads\/2025\/01\/logo.jpg 893w, https:\/\/lamesscafe.monitepol.com\/wp-content\/uploads\/2025\/01\/logo-300x300.jpg 300w, https:\/\/lamesscafe.monitepol.com\/wp-content\/uploads\/2025\/01\/logo-150x150.jpg 150w, https:\/\/lamesscafe.monitepol.com\/wp-content\/uploads\/2025\/01\/logo-768x768.jpg 768w\" sizes=\"(max-width: 800px) 100vw, 800px\" \/>\t\t\t\t\t\t\t\t\t\t\t\t\t\t\t<\/div>\n\t\t\t\t<\/div>\n\t\t\t\t<\/div>\n\t\t<a class=\"elementor-element elementor-element-91019ef e-con-full e-flex e-con e-child\" data-id=\"91019ef\" data-element_type=\"container\" data-e-type=\"container\" href=\"https:\/\/lamesscaferestaurant.dijital.menu\/\">\n\t\t\t\t<div class=\"elementor-element elementor-element-0c17ced elementor-view-default elementor-widget elementor-widget-icon\" data-id=\"0c17ced\" data-element_type=\"widget\" data-e-type=\"widget\" data-widget_type=\"icon.default\">\n\t\t\t\t<div class=\"elementor-widget-container\">\n\t\t\t\t\t\t\t<div class=\"elementor-icon-wrapper\">\n\t\t\t<div class=\"elementor-icon\">\n\t\t\t<svg aria-hidden=\"true\" class=\"e-font-icon-svg e-fas-book-open\" viewBox=\"0 0 576 512\" xmlns=\"http:\/\/www.w3.org\/2000\/svg\"><path d=\"M542.22 32.05c-54.8 3.11-163.72 14.43-230.96 55.59-4.64 2.84-7.27 7.89-7.27 13.17v363.87c0 11.55 12.63 18.85 23.28 13.49 69.18-34.82 169.23-44.32 218.7-46.92 16.89-.89 30.02-14.43 30.02-30.66V62.75c.01-17.71-15.35-31.74-33.77-30.7zM264.73 87.64C197.5 46.48 88.58 35.17 33.78 32.05 15.36 31.01 0 45.04 0 62.75V400.6c0 16.24 13.13 29.78 30.02 30.66 49.49 2.6 149.59 12.11 218.77 46.95 10.62 5.35 23.21-1.94 23.21-13.46V100.63c0-5.29-2.62-10.14-7.27-12.99z\"><\/path><\/svg>\t\t\t<\/div>\n\t\t<\/div>\n\t\t\t\t\t\t<\/div>\n\t\t\t\t<\/div>\n\t\t\t\t<div class=\"elementor-element elementor-element-3cbb42c elementor-widget elementor-widget-heading\" data-id=\"3cbb42c\" data-element_type=\"widget\" data-e-type=\"widget\" data-widget_type=\"heading.default\">\n\t\t\t\t<div class=\"elementor-widget-container\">\n\t\t\t\t\t<h2 class=\"elementor-heading-title elementor-size-default\">Men\u00fc<\/h2>\t\t\t\t<\/div>\n\t\t\t\t<\/div>\n\t\t\t\t<\/a>\n\t\t\t\t\t<\/div>\n\t\t\t\t<\/div>\n\t\t<div class=\"elementor-element elementor-element-29c804a e-flex e-con-boxed e-con e-parent\" data-id=\"29c804a\" data-element_type=\"container\" data-e-type=\"container\">\n\t\t\t\t\t<div class=\"e-con-inner\">\n\t\t\t\t<div class=\"elementor-element elementor-element-32c4492 elementor-widget elementor-widget-heading\" data-id=\"32c4492\" data-element_type=\"widget\" data-e-type=\"widget\" data-widget_type=\"heading.default\">\n\t\t\t\t<div class=\"elementor-widget-container\">\n\t\t\t\t\t<h2 class=\"elementor-heading-title elementor-size-default\"><span style=\"color:red\">G\u00f6r\u00fc\u015fleriniz<\/span> Bizim \u0130\u00e7in \u00d6nemli<br>\nL\u00fctfen Bizi <span style=\"color:red\">De\u011ferlendirir Misiniz<\/span>?<\/h2>\t\t\t\t<\/div>\n\t\t\t\t<\/div>\n\t\t\t\t\t<\/div>\n\t\t\t\t<\/div>\n\t\t<div class=\"elementor-element elementor-element-c137eab e-flex e-con-boxed e-con e-parent\" data-id=\"c137eab\" data-element_type=\"container\" data-e-type=\"container\">\n\t\t\t\t\t<div class=\"e-con-inner\">\n\t\t\t\t<div class=\"elementor-element elementor-element-5dbd8e5 elementor-widget elementor-widget-shortcode\" data-id=\"5dbd8e5\" data-element_type=\"widget\" data-e-type=\"widget\" data-widget_type=\"shortcode.default\">\n\t\t\t\t<div class=\"elementor-widget-container\">\n\t\t\t\t\t\t\t<div class=\"elementor-shortcode\">\n<div class=\"wpcf7 no-js\" id=\"wpcf7-f132-o1\" lang=\"tr-TR\" dir=\"ltr\" data-wpcf7-id=\"132\">\n<div class=\"screen-reader-response\"><p role=\"status\" aria-live=\"polite\" aria-atomic=\"true\"><\/p> <ul><\/ul><\/div>\n<form action=\"\/index.php\/wp-json\/wp\/v2\/pages\/7#wpcf7-f132-o1\" method=\"post\" class=\"wpcf7-form init\" aria-label=\"\u0130leti\u015fim Formu\" novalidate=\"novalidate\" data-status=\"init\">\n<fieldset class=\"hidden-fields-container\"><input type=\"hidden\" name=\"_wpcf7\" value=\"132\" \/><input type=\"hidden\" name=\"_wpcf7_version\" value=\"6.1.5\" \/><input type=\"hidden\" name=\"_wpcf7_locale\" value=\"tr_TR\" \/><input type=\"hidden\" name=\"_wpcf7_unit_tag\" value=\"wpcf7-f132-o1\" \/><input type=\"hidden\" name=\"_wpcf7_container_post\" value=\"0\" \/><input type=\"hidden\" name=\"_wpcf7_posted_data_hash\" value=\"\" \/>\n<\/fieldset>\n<div class=\"form-group\">\n\t<p>Ad Soyad: <span style=\"color: red;\">*<\/span>\n\t<\/p>\n\t<p><span class=\"wpcf7-form-control-wrap\" data-name=\"isim\"><input size=\"40\" maxlength=\"400\" class=\"wpcf7-form-control wpcf7-text wpcf7-validates-as-required\" aria-required=\"true\" aria-invalid=\"false\" placeholder=\"Ad\u0131n\u0131z\u0131 ve soyad\u0131n\u0131z\u0131 yaz\u0131n\u0131z\" value=\"\" type=\"text\" name=\"isim\" \/><\/span>\n\t<\/p>\n<\/div>\n<div class=\"form-group\">\n\t<p>Size Ula\u015fmam\u0131z\u0131 \u0130stiyorsan\u0131z L\u00fctfen Telefon Numaran\u0131z\u0131 Girin: <span style=\"color: red;\"><\/span>\n\t<\/p>\n\t<p><span class=\"wpcf7-form-control-wrap\" data-name=\"telefon\"><input size=\"40\" maxlength=\"400\" class=\"wpcf7-form-control wpcf7-tel wpcf7-text wpcf7-validates-as-tel\" aria-invalid=\"false\" placeholder=\"Telefon numaran\u0131z\u0131 yaz\u0131n\u0131z\" value=\"\" type=\"tel\" name=\"telefon\" \/><\/span>\n\t<\/p>\n<\/div>\n<div class=\"form-group\">\n\t<p>1. Bug\u00fcnk\u00fc ziyaretinizde restoran\u0131m\u0131za giri\u015f yaparken personelimizden g\u00fcler y\u00fcz ve ilgi g\u00f6rd\u00fcn\u00fcz m\u00fc?\n\t<\/p>\n\t<div class=\"answer-buttons\">\n\t\t<p><span class=\"wpcf7-form-control-wrap\" data-name=\"personel-ilgi\"><span class=\"wpcf7-form-control wpcf7-radio\"><span class=\"wpcf7-list-item first\"><label><input type=\"radio\" name=\"personel-ilgi\" value=\"Evet\" \/><span class=\"wpcf7-list-item-label\">Evet<\/span><\/label><\/span><span class=\"wpcf7-list-item\"><label><input type=\"radio\" name=\"personel-ilgi\" value=\"Hay\u0131r\" \/><span class=\"wpcf7-list-item-label\">Hay\u0131r<\/span><\/label><\/span><span class=\"wpcf7-list-item last\"><label><input type=\"radio\" name=\"personel-ilgi\" value=\"Karars\u0131z\u0131m\" \/><span class=\"wpcf7-list-item-label\">Karars\u0131z\u0131m<\/span><\/label><\/span><\/span><\/span>\n\t\t<\/p>\n\t<\/div>\n<\/div>\n<div class=\"form-group\">\n\t<p>2. Yedi\u011finiz yeme\u011fin\/i\u00e7ti\u011finiz \u00fcr\u00fcn\u00fcn lezzetinden ne kadar memnun kald\u0131n\u0131z?\n\t<\/p>\n\t<div class=\"answer-buttons\">\n\t\t<p><span class=\"wpcf7-form-control-wrap\" data-name=\"lezzet-memnuniyet\"><span class=\"wpcf7-form-control wpcf7-radio\"><span class=\"wpcf7-list-item first\"><label><input type=\"radio\" name=\"lezzet-memnuniyet\" value=\"\u00c7ok memnun kald\u0131m\" \/><span class=\"wpcf7-list-item-label\">\u00c7ok memnun kald\u0131m<\/span><\/label><\/span><span class=\"wpcf7-list-item\"><label><input type=\"radio\" name=\"lezzet-memnuniyet\" value=\"Memnun kald\u0131m\" \/><span class=\"wpcf7-list-item-label\">Memnun kald\u0131m<\/span><\/label><\/span><span class=\"wpcf7-list-item\"><label><input type=\"radio\" name=\"lezzet-memnuniyet\" value=\"Karars\u0131z\u0131m\" \/><span class=\"wpcf7-list-item-label\">Karars\u0131z\u0131m<\/span><\/label><\/span><span class=\"wpcf7-list-item\"><label><input type=\"radio\" name=\"lezzet-memnuniyet\" value=\"Memnun kalmad\u0131m\" \/><span class=\"wpcf7-list-item-label\">Memnun kalmad\u0131m<\/span><\/label><\/span><span class=\"wpcf7-list-item last\"><label><input type=\"radio\" name=\"lezzet-memnuniyet\" value=\"Hi\u00e7 memnun kalmad\u0131m\" \/><span class=\"wpcf7-list-item-label\">Hi\u00e7 memnun kalmad\u0131m<\/span><\/label><\/span><\/span><\/span>\n\t\t<\/p>\n\t<\/div>\n<\/div>\n<div class=\"form-group\">\n\t<p>3. Yemeklerimizin fiyat-performans oran\u0131n\u0131 nas\u0131l de\u011ferlendirirsiniz?\n\t<\/p>\n\t<div class=\"answer-buttons\">\n\t\t<p><span class=\"wpcf7-form-control-wrap\" data-name=\"fiyat-performans\"><span class=\"wpcf7-form-control wpcf7-radio\"><span class=\"wpcf7-list-item first\"><label><input type=\"radio\" name=\"fiyat-performans\" value=\"\u00c7ok iyi\" \/><span class=\"wpcf7-list-item-label\">\u00c7ok iyi<\/span><\/label><\/span><span class=\"wpcf7-list-item\"><label><input type=\"radio\" name=\"fiyat-performans\" value=\"\u0130yi\" \/><span class=\"wpcf7-list-item-label\">\u0130yi<\/span><\/label><\/span><span class=\"wpcf7-list-item\"><label><input type=\"radio\" name=\"fiyat-performans\" value=\"Ortalama\" \/><span class=\"wpcf7-list-item-label\">Ortalama<\/span><\/label><\/span><span class=\"wpcf7-list-item\"><label><input type=\"radio\" name=\"fiyat-performans\" value=\"Geli\u015ftirilebilir\" \/><span class=\"wpcf7-list-item-label\">Geli\u015ftirilebilir<\/span><\/label><\/span><span class=\"wpcf7-list-item last\"><label><input type=\"radio\" name=\"fiyat-performans\" value=\"K\u00f6t\u00fc\" \/><span class=\"wpcf7-list-item-label\">K\u00f6t\u00fc<\/span><\/label><\/span><\/span><\/span>\n\t\t<\/p>\n\t<\/div>\n<\/div>\n<div class=\"form-group\">\n\t<p>4. Restoran\u0131m\u0131z\u0131n temizli\u011fi ve ortam atmosferi hakk\u0131ndaki d\u00fc\u015f\u00fcnceleriniz nedir?\n\t<\/p>\n\t<div class=\"answer-buttons\">\n\t\t<p><span class=\"wpcf7-form-control-wrap\" data-name=\"temizlik-atmosfer\"><span class=\"wpcf7-form-control wpcf7-radio\"><span class=\"wpcf7-list-item first\"><label><input type=\"radio\" name=\"temizlik-atmosfer\" value=\"\u00c7ok iyi\" \/><span class=\"wpcf7-list-item-label\">\u00c7ok iyi<\/span><\/label><\/span><span class=\"wpcf7-list-item\"><label><input type=\"radio\" name=\"temizlik-atmosfer\" value=\"\u0130yi\" \/><span class=\"wpcf7-list-item-label\">\u0130yi<\/span><\/label><\/span><span class=\"wpcf7-list-item\"><label><input type=\"radio\" name=\"temizlik-atmosfer\" value=\"Ortalama\" \/><span class=\"wpcf7-list-item-label\">Ortalama<\/span><\/label><\/span><span class=\"wpcf7-list-item\"><label><input type=\"radio\" name=\"temizlik-atmosfer\" value=\"Geli\u015ftirilebilir\" \/><span class=\"wpcf7-list-item-label\">Geli\u015ftirilebilir<\/span><\/label><\/span><span class=\"wpcf7-list-item last\"><label><input type=\"radio\" name=\"temizlik-atmosfer\" value=\"K\u00f6t\u00fc\" \/><span class=\"wpcf7-list-item-label\">K\u00f6t\u00fc<\/span><\/label><\/span><\/span><\/span>\n\t\t<\/p>\n\t<\/div>\n<\/div>\n<div class=\"form-group\">\n\t<p>5. Sipari\u015f alma ve yemeklerin servis edilme s\u00fcresinden memnun kald\u0131n\u0131z m\u0131?\n\t<\/p>\n\t<div class=\"answer-buttons\">\n\t\t<p><span class=\"wpcf7-form-control-wrap\" data-name=\"servis-memnuniyet\"><span class=\"wpcf7-form-control wpcf7-radio\"><span class=\"wpcf7-list-item first\"><label><input type=\"radio\" name=\"servis-memnuniyet\" value=\"\u00c7ok memnun kald\u0131m\" \/><span class=\"wpcf7-list-item-label\">\u00c7ok memnun kald\u0131m<\/span><\/label><\/span><span class=\"wpcf7-list-item\"><label><input type=\"radio\" name=\"servis-memnuniyet\" value=\"Memnun kald\u0131m\" \/><span class=\"wpcf7-list-item-label\">Memnun kald\u0131m<\/span><\/label><\/span><span class=\"wpcf7-list-item\"><label><input type=\"radio\" name=\"servis-memnuniyet\" value=\"Ortalama\" \/><span class=\"wpcf7-list-item-label\">Ortalama<\/span><\/label><\/span><span class=\"wpcf7-list-item\"><label><input type=\"radio\" name=\"servis-memnuniyet\" value=\"Memnun kalmad\u0131m\" \/><span class=\"wpcf7-list-item-label\">Memnun kalmad\u0131m<\/span><\/label><\/span><span class=\"wpcf7-list-item last\"><label><input type=\"radio\" name=\"servis-memnuniyet\" value=\"Hi\u00e7 memnun kalmad\u0131m\" \/><span class=\"wpcf7-list-item-label\">Hi\u00e7 memnun kalmad\u0131m<\/span><\/label><\/span><\/span><\/span>\n\t\t<\/p>\n\t<\/div>\n<\/div>\n<div class=\"form-group\">\n\t<p>6. Restoran\u0131m\u0131z\u0131 geli\u015ftirmek i\u00e7in herhangi bir \u00f6neriniz veya yorumunuz var m\u0131?\n\t<\/p>\n\t<div>\n\t\t<p><span class=\"wpcf7-form-control-wrap\" data-name=\"genel-oneri\"><textarea cols=\"40\" rows=\"10\" maxlength=\"2000\" class=\"wpcf7-form-control wpcf7-textarea\" aria-invalid=\"false\" name=\"genel-oneri\"><\/textarea><\/span>\n\t\t<\/p>\n\t<\/div>\n<\/div>\n<div class=\"form-group\">\n\t<p>KVKK Onay\u0131: <span style=\"color: red;\">*<\/span><a href=\"#\" onclick=\"openKvkkPopup(); return false;\" style=\"color: blue; text-decoration: underline;\">\u0130ncele<\/a>\n\t<\/p>\n\t<div class=\"answer-buttons\">\n\t\t<p><span class=\"wpcf7-form-control-wrap\" data-name=\"kvkk\"><span class=\"wpcf7-form-control wpcf7-radio\"><span class=\"wpcf7-list-item first last\"><label><input type=\"radio\" name=\"kvkk\" value=\"KVKK metnini okudum ve onayl\u0131yorum\" \/><span class=\"wpcf7-list-item-label\">KVKK metnini okudum ve onayl\u0131yorum<\/span><\/label><\/span><\/span><\/span>\n\t\t<\/p>\n\t<\/div>\n<\/div>\n<p><input class=\"wpcf7-form-control wpcf7-submit has-spinner\" type=\"submit\" value=\"G\u00f6nder\" \/>\n<\/p>\n\n<!-- KVKK Popup -->\n<div id=\"kvkk-popup\" class=\"popup-overlay\">\n\t<div class=\"popup-content\">\n\t\t<h1>LA MESS CAFE & RESTAURANT K\u0130\u015e\u0130SEL VER\u0130LER\u0130N KORUNMASI KANUNU (KVKK) AYDINLATMA METN\u0130\n\t\t<\/h1>\n\t\t<h2>1. Veri Sorumlusunun Kimli\u011fi\n\t\t<\/h2>\n\t\t<p>Bu ayd\u0131nlatma metni, 6698 say\u0131l\u0131 Ki\u015fisel Verilerin Korunmas\u0131 Kanunu (\u201cKVKK\u201d) kapsam\u0131nda, La Mess Cafe & Restaurant (\u201c\u015eirketimiz\u201d) taraf\u0131ndan, m\u00fc\u015fteri de\u011ferlendirme anketi kapsam\u0131nda i\u015flenecek ki\u015fisel veriler hakk\u0131nda bilgilendirme amac\u0131yla haz\u0131rlanm\u0131\u015ft\u0131r.\n\t\t<\/p>\n\t\t<h2>2. \u0130\u015flenen Ki\u015fisel Veriler ve \u0130\u015fleme Amac\u0131\n\t\t<\/h2>\n\t\t<p>\u015eirketimiz, m\u00fc\u015fteri deneyimini geli\u015ftirmek ve hizmet kalitesini art\u0131rmak amac\u0131yla, de\u011ferlendirme anketi kapsam\u0131nda a\u015fa\u011f\u0131daki ki\u015fisel verileri i\u015flemektedir:\n\t\t<\/p>\n\t\t<ul>\n\t\t\t<li>\n\t\t\t\t<p><strong>Ad ve Soyad:<\/strong> Anket kat\u0131l\u0131m\u0131n\u0131n do\u011frulanmas\u0131 ve m\u00fc\u015fteri geri bildirimlerinin analiz edilmesi i\u00e7in.\n\t\t\t\t<\/p>\n\t\t\t<\/li>\n\t\t\t<li>\n\t\t\t\t<p><strong>Telefon Numaras\u0131:<\/strong> M\u00fc\u015fteri memnuniyetine ili\u015fkin geri d\u00f6n\u00fc\u015f sa\u011flanmas\u0131 ve anket sonu\u00e7lar\u0131na dayal\u0131 \u00f6zel kampanyalar hakk\u0131nda bilgilendirme yap\u0131lmas\u0131 i\u00e7in.\n\t\t\t\t<\/p>\n\t\t\t<\/li>\n\t\t<\/ul>\n\t\t<h2>3. Ki\u015fisel Verilerin Toplanma Y\u00f6ntemi ve Hukuki Sebebi\n\t\t<\/h2>\n\t\t<p>Ki\u015fisel verileriniz, La Mess Cafe & Restaurant taraf\u0131ndan sunulan de\u011ferlendirme anketleri arac\u0131l\u0131\u011f\u0131yla, otomatik ya da otomatik olmayan y\u00f6ntemlerle toplanmaktad\u0131r. KVKK\u2019n\u0131n 5. maddesi uyar\u0131nca, ki\u015fisel verileriniz a\u015fa\u011f\u0131daki hukuki sebeplere dayanarak i\u015flenmektedir:\n\t\t<\/p>\n\t\t<ul>\n\t\t\t<li>\n\t\t\t\t<p>Kanunlarda a\u00e7\u0131k\u00e7a \u00f6ng\u00f6r\u00fclmesi.\n\t\t\t\t<\/p>\n\t\t\t<\/li>\n\t\t\t<li>\n\t\t\t\t<p>\u0130lgili ki\u015finin temel hak ve \u00f6zg\u00fcrl\u00fcklerine zarar vermemek kayd\u0131yla, veri sorumlusunun me\u015fru menfaatleri i\u00e7in zorunlu olmas\u0131.\n\t\t\t\t<\/p>\n\t\t\t<\/li>\n\t\t\t<li>\n\t\t\t\t<p>A\u00e7\u0131k r\u0131zan\u0131z\u0131n bulunmas\u0131.\n\t\t\t\t<\/p>\n\t\t\t<\/li>\n\t\t<\/ul>\n\t\t<h2>4. Ki\u015fisel Verilerin Saklanmas\u0131 ve Korunmas\u0131\n\t\t<\/h2>\n\t\t<p>Ki\u015fisel verileriniz, yaln\u0131zca ilgili ama\u00e7lar\u0131 ger\u00e7ekle\u015ftirmek i\u00e7in gerekli s\u00fcre boyunca saklanacakt\u0131r. Verilerinizin hukuka uygun olarak saklanmas\u0131n\u0131 sa\u011flamak amac\u0131yla teknik ve idari tedbirler al\u0131nmaktad\u0131r. Saklama s\u00fcresi doldu\u011funda, ki\u015fisel verileriniz silinecek, yok edilecek veya anonim hale getirilecektir.\n\t\t<\/p>\n\t\t<h2>5. Ki\u015fisel Verilerin Aktar\u0131lmas\u0131\n\t\t<\/h2>\n\t\t<p>Toplanan ki\u015fisel verileriniz, yasal y\u00fck\u00fcml\u00fcl\u00fckler haricinde \u00fc\u00e7\u00fcnc\u00fc ki\u015filerle payla\u015f\u0131lmamaktad\u0131r. Ancak, hukuki zorunluluklar \u00e7er\u00e7evesinde yetkili kamu kurum ve kurulu\u015flar\u0131yla payla\u015f\u0131labilir.\n\t\t<\/p>\n\t\t<h2>6. \u0130lgili Ki\u015finin Haklar\u0131\n\t\t<\/h2>\n\t\t<p>KVKK\u2019n\u0131n 11. maddesi kapsam\u0131nda, ki\u015fisel verisi i\u015flenen ilgili ki\u015filer olarak a\u015fa\u011f\u0131daki haklara sahipsiniz:\n\t\t<\/p>\n\t\t<ul>\n\t\t\t<li>\n\t\t\t\t<p>Ki\u015fisel verilerinizin i\u015flenip i\u015flenmedi\u011fini \u00f6\u011frenme.\n\t\t\t\t<\/p>\n\t\t\t<\/li>\n\t\t\t<li>\n\t\t\t\t<p>\u0130\u015flenmi\u015fse buna ili\u015fkin bilgi talep etme.\n\t\t\t\t<\/p>\n\t\t\t<\/li>\n\t\t\t<li>\n\t\t\t\t<p>\u0130\u015fleme amac\u0131n\u0131 ve bunlar\u0131n amac\u0131na uygun kullan\u0131l\u0131p kullan\u0131lmad\u0131\u011f\u0131n\u0131 \u00f6\u011frenme.\n\t\t\t\t<\/p>\n\t\t\t<\/li>\n\t\t\t<li>\n\t\t\t\t<p>Yurt i\u00e7inde veya yurt d\u0131\u015f\u0131nda aktar\u0131ld\u0131\u011f\u0131 \u00fc\u00e7\u00fcnc\u00fc ki\u015fileri bilme.\n\t\t\t\t<\/p>\n\t\t\t<\/li>\n\t\t\t<li>\n\t\t\t\t<p>Eksik veya yanl\u0131\u015f i\u015flenmi\u015f olmas\u0131 h\u00e2linde d\u00fczeltilmesini isteme.\n\t\t\t\t<\/p>\n\t\t\t<\/li>\n\t\t\t<li>\n\t\t\t\t<p>KVKK\u2019da \u00f6ng\u00f6r\u00fclen \u015fartlar \u00e7er\u00e7evesinde silinmesini veya yok edilmesini isteme.\n\t\t\t\t<\/p>\n\t\t\t<\/li>\n\t\t\t<li>\n\t\t\t\t<p>\u0130\u015flemenin hukuka ayk\u0131r\u0131 olmas\u0131 h\u00e2linde zarar\u0131n giderilmesini talep etme.\n\t\t\t\t<\/p>\n\t\t\t<\/li>\n\t\t<\/ul>\n\t\t<p>Yukar\u0131da belirtilen haklar\u0131n\u0131z\u0131 kullanmak i\u00e7in, La Mess Cafe & Restaurant\u2019a yaz\u0131l\u0131 olarak veya <a href=\"mailto:kvkk@lamesscafe.com\">kvkk@lamesscafe.com<\/a> adresine e-posta yoluyla ba\u015fvuruda bulunabilirsiniz.\n\t\t<\/p>\n\t\t<h2>7. G\u00fcncellemeler ve Y\u00fcr\u00fcrl\u00fck\n\t\t<\/h2>\n\t\t<p>Bu ayd\u0131nlatma metni, La Mess Cafe & Restaurant taraf\u0131ndan gerekli g\u00f6r\u00fcld\u00fc\u011f\u00fc takdirde g\u00fcncellenebilir. G\u00fcncellenen metin, i\u015fletmemiz b\u00fcnyesinde ve web sitemizde yay\u0131mlanacakt\u0131r.\n\t\t<\/p>\n\t\t<h2>\u0130leti\u015fim Bilgileri\n\t\t<\/h2>\n\t\t<p><strong>La Mess Cafe & Restaurant<\/strong>\n\t\t<\/p>\n\t\t<p><strong>Adres:<\/strong> [\u015eirketin A\u00e7\u0131k Adresi]\n\t\t<\/p>\n\t\t<p><strong>Telefon:<\/strong> [\u015eirket Telefon Numaras\u0131]\n\t\t<\/p>\n\t\t<p><strong>E-posta:<\/strong><a href=\"mailto:kvkk@lamesscafe.com\">kvkk@lamesscafe.com<\/a>\n\t\t<\/p>\n\t\t<div onclick=\"closeKvkkPopup();\" class=\"close-btn\">\n\t\t\t<p>Kapat\n\t\t\t<\/p>\n\t\t<\/div>\n\t<\/div>\n<\/div>\n<style>\n\/* KVKK Popup Stil *\/\n.popup-overlay {\n display: none;\n position: fixed;\n top: 0;\n left: 0;\n width: 100%;\n height: 100%;\n background-color: rgba(0, 0, 0, 0.5);\n justify-content: center;\n align-items: center;\n}\n\n.popup-content {\n background-color: white;\n padding: 20px;\n border-radius: 8px;\n max-width: 500px;\n text-align: center;\n}\n\n.close-btn {\n margin-top: 10px;\n padding: 8px 16px;\n background-color: #dc3545;\n color: white;\n border: none;\n border-radius: 5px;\n cursor: pointer;\n}\n\/* Genel Stil *\/\n.wpcf7-form .form-group {\n margin-bottom: 20px;\n padding: 10px;\n box-shadow: 0px 2px 4px 0px #0000004d;\n border-radius: 20px;\n}\n\n.wpcf7-form .answer-buttons {\n display: flex;\n gap: 10px;\n flex-wrap: wrap;\n}\n\n.wpcf7-form .wpcf7-list-item {\n list-style: none;\n margin: 0;\n padding: 0;\n}\n\n.wpcf7-form .wpcf7-list-item-label {\n display: inline-block;\n padding: 10px 20px;\n font-size: 14px;\n font-weight: bold;\n border-radius: 8px;\n text-align: center;\n background-color: #e0e0e0; \/* Varsay\u0131lan gri *\/\n color: #333;\n cursor: pointer;\n transition: background-color 0.3s ease, transform 0.2s ease, color 0.3s ease;\n box-shadow: 0 2px 4px rgba(0, 0, 0, 0.1);\n margin-bottom: 10px;\n}\n\n.wpcf7-form .wpcf7-list-item-label:hover {\n transform: scale(1.05);\n}\n\n\/* Se\u00e7im Durumunda Renk ve Stil *\/\n.wpcf7-form .wpcf7-list-item input[type=\"radio\"]:checked + .wpcf7-list-item-label {\n color: #fff; \/* Yaz\u0131 rengi beyaz *\/\n}\n\n\/* Ye\u015filden K\u0131rm\u0131z\u0131ya Ge\u00e7i\u015f *\/\n.wpcf7-form .answer-buttons .wpcf7-list-item:nth-of-type(1) input[type=\"radio\"]:checked + .wpcf7-list-item-label {\n background-color: #25D366; \/* WhatsApp ye\u015fili *\/\n}\n\n.wpcf7-form .answer-buttons .wpcf7-list-item:nth-of-type(2) input[type=\"radio\"]:checked + .wpcf7-list-item-label {\n background-color: #55efc4; \/* A\u00e7\u0131k ye\u015fil *\/\n}\n\n.wpcf7-form .answer-buttons .wpcf7-list-item:nth-of-type(3) input[type=\"radio\"]:checked + .wpcf7-list-item-label {\n background-color: #ffeaa7; \/* Sar\u0131 *\/\n}\n\n.wpcf7-form .answer-buttons .wpcf7-list-item:nth-of-type(4) input[type=\"radio\"]:checked + .wpcf7-list-item-label {\n background-color: #fab1a0; \/* Turuncu *\/\n}\n\n.wpcf7-form .answer-buttons .wpcf7-list-item:nth-of-type(5) input[type=\"radio\"]:checked + .wpcf7-list-item-label {\n background-color: #dc3545; \/* K\u0131rm\u0131z\u0131 *\/\n}\n\n\/* Radio Kutucuklar\u0131 Gizle *\/\ninput[type=\"radio\"] {\n visibility: hidden;\n}\n<\/style>\n<p><script>\nfunction openKvkkPopup() {\n document.getElementById(\"kvkk-popup\").style.display = \"flex\";\n}\n\nfunction closeKvkkPopup() {\n document.getElementById(\"kvkk-popup\").style.display = \"none\";\n}\n<\/script>\n<\/p><div class=\"wpcf7-response-output\" aria-hidden=\"true\"><\/div>\n<\/form>\n<\/div>\n<\/div>\n\t\t\t\t\t\t<\/div>\n\t\t\t\t<\/div>\n\t\t\t\t\t<\/div>\n\t\t\t\t<\/div>\n\t\t\t\t<\/div>\n\t\t","protected":false},"excerpt":{"rendered":"<p>Instagram Men\u00fc G\u00f6r\u00fc\u015fleriniz Bizim \u0130\u00e7in \u00d6nemli L\u00fctfen Bizi De\u011ferlendirir Misiniz?<\/p>\n","protected":false},"author":1,"featured_media":0,"parent":0,"menu_order":0,"comment_status":"closed","ping_status":"closed","template":"elementor_header_footer","meta":{"footnotes":""},"class_list":["post-7","page","type-page","status-publish","hentry"],"_links":{"self":[{"href":"https:\/\/lamesscafe.monitepol.com\/index.php\/wp-json\/wp\/v2\/pages\/7","targetHints":{"allow":["GET"]}}],"collection":[{"href":"https:\/\/lamesscafe.monitepol.com\/index.php\/wp-json\/wp\/v2\/pages"}],"about":[{"href":"https:\/\/lamesscafe.monitepol.com\/index.php\/wp-json\/wp\/v2\/types\/page"}],"author":[{"embeddable":true,"href":"https:\/\/lamesscafe.monitepol.com\/index.php\/wp-json\/wp\/v2\/users\/1"}],"replies":[{"embeddable":true,"href":"https:\/\/lamesscafe.monitepol.com\/index.php\/wp-json\/wp\/v2\/comments?post=7"}],"version-history":[{"count":44,"href":"https:\/\/lamesscafe.monitepol.com\/index.php\/wp-json\/wp\/v2\/pages\/7\/revisions"}],"predecessor-version":[{"id":139,"href":"https:\/\/lamesscafe.monitepol.com\/index.php\/wp-json\/wp\/v2\/pages\/7\/revisions\/139"}],"wp:attachment":[{"href":"https:\/\/lamesscafe.monitepol.com\/index.php\/wp-json\/wp\/v2\/media?parent=7"}],"curies":[{"name":"wp","href":"https:\/\/api.w.org\/{rel}","templated":true}]}}